{"id":373,"date":"2021-03-11T15:47:21","date_gmt":"2021-03-11T15:47:21","guid":{"rendered":"https:\/\/www.msv-makler.com\/?page_id=373"},"modified":"2021-03-14T13:34:28","modified_gmt":"2021-03-14T13:34:28","slug":"erstinformation","status":"publish","type":"page","link":"https:\/\/www.msv-makler.com\/index.php\/erstinformation\/","title":{"rendered":"Erstinformation gem\u00e4\u00df \u00a715 VersVermV"},"content":{"rendered":"\t\t<div data-elementor-type=\"wp-page\" data-elementor-id=\"373\" class=\"elementor elementor-373\">\n\t\t\t\t\t\t<div class=\"elementor-inner\">\n\t\t\t\t<div class=\"elementor-section-wrap\">\n\t\t\t\t\t\t\t\t\t<section class=\"elementor-section elementor-top-section elementor-element elementor-element-3c363891 elementor-section-boxed elementor-section-height-default elementor-section-height-default\" data-id=\"3c363891\" data-element_type=\"section\">\n\t\t\t\t\t\t<div class=\"elementor-container elementor-column-gap-default\">\n\t\t\t\t\t\t\t<div class=\"elementor-row\">\n\t\t\t\t\t<div class=\"elementor-column elementor-col-100 elementor-top-column elementor-element elementor-element-6ed77f5b\" data-id=\"6ed77f5b\" data-element_type=\"column\">\n\t\t\t<div class=\"elementor-column-wrap elementor-element-populated\">\n\t\t\t\t\t\t\t<div class=\"elementor-widget-wrap\">\n\t\t\t\t\t\t<div class=\"elementor-element elementor-element-13970e9f elementor-widget elementor-widget-text-editor\" data-id=\"13970e9f\" data-element_type=\"widget\" data-widget_type=\"text-editor.default\">\n\t\t\t\t<div class=\"elementor-widget-container\">\n\t\t\t\t\t\t\t\t<div class=\"elementor-text-editor elementor-clearfix\">\n\t\t\t\t<p><!-- wp:paragraph --><\/p>\n<h3>Information gem\u00e4\u00df \u00a7 15 Versicherungsvermittlerverordnung (VersVermV)<\/h3>\n<p><!-- \/wp:paragraph --><!-- wp:list {\"ordered\":true} --><\/p>\n<ol>\n<li><strong>Firma und Anschrift:<\/strong><br>M.S. Versicherungsmakler<br>Inhaber: Michael Schwarz<br>Steiningergasse 2<br>94032 Passau<br>Telefon 0851 \/ 9 66 48 &#8211; 0<br>Telefax 0851 \/ 9 66 48 &#8211; 10<br>Email info@msv-makler.com<br>Homepage www.msv-makler.com<\/li>\n<li><strong>T\u00e4tigkeit:<\/strong><br>Versicherungsmakler mit Erlaubnis nach \u00a7 34 d Abs. 1 der Gewerbeordnung, bei der zust\u00e4ndigen<br>Beh\u00f6rde gemeldet und in das Register nach \u00a7 34 d Abs. 7 der Gewerbeordnung eingetragen.<br>Ausstellende Beh\u00f6rde: Industrie- und Handelskammer f\u00fcr Niederbayern in Passau<\/li>\n<li><strong> Beratung und Verg\u00fctung:<\/strong><br>Der Umfang der T\u00e4tigkeiten und Beratungen ist abh\u00e4ngig von den Bed\u00fcrfnissen und W\u00fcnschen des<br>Klienten und den Versicherungsprodukten, die evtl. vermittelt werden.<br>Die Verg\u00fctung erfolgt durch<br>Courtage, die vom jeweiligen Versicherer ausgezahlt wird<br>Konkret vereinbartes Honorar durch den Klienten oder<br>Kombination aus beidem<\/li>\n<li><strong>Gemeinsame Registerstelle, bei der Sie die Angaben \u00fcberpr\u00fcfen k\u00f6nnen:<\/strong><br>RegNr: D-AMF9-G3W2X-41 bei<br>Deutscher Industrie- und Handelskammertag (DIHK) e.V.<br>Breite Stra\u00dfe 29<br>10178 Berlin<br>Telefon: 0180 600 58 50<br>(Festnetzpreis 0,20 Euro\/Anruf; Mobilfunkpreise maximal 0,60 Euro\/Anruf)<br>www.vermittlerregister.info<\/li>\n<li><strong>Schlichtungsstellen:<\/strong><br>Versicherungsombudsmann e.V.<br>Postfach 08 06 32, 10006 Berlin<br>Tel.: 0800 3696000 (kostenfrei aus deutschen Telefonnetzen)<br>Fax: 0800 3699000 (kostenfrei aus deutschen Telefonnetzen)<br>Internet: www.versicherungsombudsmann.de<br>&nbsp; <strong>Ombudsmann f\u00fcr die Private Kranken- und Pflegeversicherung<\/strong><br>Postfach 06 02 22, 10052 Berlin<br>Tel.: 0800 2550444 (kostenfrei aus deutschen Telefonnetzen)<br>Fax: 030 20458931<br>Internet: www.pkv-ombudsmann.de<\/li>\n<\/ol>\n<p><!-- \/wp:list --><\/p>\t\t\t\t\t<\/div>\n\t\t\t\t\t\t<\/div>\n\t\t\t\t<\/div>\n\t\t\t\t<div class=\"elementor-element elementor-element-1bb6796 elementor-align-center elementor-widget elementor-widget-button\" data-id=\"1bb6796\" data-element_type=\"widget\" data-widget_type=\"button.default\">\n\t\t\t\t<div class=\"elementor-widget-container\">\n\t\t\t\t\t<div class=\"elementor-button-wrapper\">\n\t\t\t<a href=\"https:\/\/www.msv-makler.com\/\" class=\"elementor-button-link elementor-button elementor-size-sm\" role=\"button\">\n\t\t\t\t\t\t<span class=\"elementor-button-content-wrapper\">\n\t\t\t\t\t\t<span class=\"elementor-button-text\">HOME<\/span>\n\t\t<\/span>\n\t\t\t\t\t<\/a>\n\t\t<\/div>\n\t\t\t\t<\/div>\n\t\t\t\t<\/div>\n\t\t\t\t\t\t<\/div>\n\t\t\t\t\t<\/div>\n\t\t<\/div>\n\t\t\t\t\t\t\t\t<\/div>\n\t\t\t\t\t<\/div>\n\t\t<\/section>\n\t\t\t\t\t\t\t\t\t<\/div>\n\t\t\t<\/div>\n\t\t\t\t\t<\/div>\n\t\t","protected":false},"excerpt":{"rendered":"<p>Information gem\u00e4\u00df \u00a7 15 Versicherungsvermittlerverordnung (VersVermV) Firma und Anschrift:M.S. VersicherungsmaklerInhaber: Michael SchwarzSteiningergasse 294032 PassauTelefon 0851 \/ 9 66 48 &#8211; 0Telefax 0851 \/ 9 66 48 &#8211; 10Email info@msv-makler.comHomepage www.msv-makler.com T\u00e4tigkeit:Versicherungsmakler mit Erlaubnis nach \u00a7 34 d Abs. 1 der Gewerbeordnung, bei der zust\u00e4ndigenBeh\u00f6rde gemeldet und in das Register nach \u00a7 34 d Abs. 7&hellip;&nbsp;<a href=\"https:\/\/www.msv-makler.com\/index.php\/erstinformation\/\" class=\"\" rel=\"bookmark\">Weiterlesen &raquo;<span class=\"screen-reader-text\">Erstinformation gem\u00e4\u00df \u00a715 VersVermV<\/span><\/a><\/p>\n","protected":false},"author":1,"featured_media":0,"parent":0,"menu_order":0,"comment_status":"closed","ping_status":"closed","template":"elementor_canvas","meta":{"neve_meta_sidebar":"","neve_meta_container":"","neve_meta_enable_content_width":"","neve_meta_content_width":0,"neve_meta_title_alignment":"","neve_meta_author_avatar":"","neve_post_elements_order":"","neve_meta_disable_header":"","neve_meta_disable_footer":"","neve_meta_disable_title":"","_themeisle_gutenberg_block_has_review":false,"_ti_tpc_template_sync":false,"_ti_tpc_template_id":""},"_links":{"self":[{"href":"https:\/\/www.msv-makler.com\/index.php\/wp-json\/wp\/v2\/pages\/373"}],"collection":[{"href":"https:\/\/www.msv-makler.com\/index.php\/wp-json\/wp\/v2\/pages"}],"about":[{"href":"https:\/\/www.msv-makler.com\/index.php\/wp-json\/wp\/v2\/types\/page"}],"author":[{"embeddable":true,"href":"https:\/\/www.msv-makler.com\/index.php\/wp-json\/wp\/v2\/users\/1"}],"replies":[{"embeddable":true,"href":"https:\/\/www.msv-makler.com\/index.php\/wp-json\/wp\/v2\/comments?post=373"}],"version-history":[{"count":17,"href":"https:\/\/www.msv-makler.com\/index.php\/wp-json\/wp\/v2\/pages\/373\/revisions"}],"predecessor-version":[{"id":399,"href":"https:\/\/www.msv-makler.com\/index.php\/wp-json\/wp\/v2\/pages\/373\/revisions\/399"}],"wp:attachment":[{"href":"https:\/\/www.msv-makler.com\/index.php\/wp-json\/wp\/v2\/media?parent=373"}],"curies":[{"name":"wp","href":"https:\/\/api.w.org\/{rel}","templated":true}]}}