{"id":142,"date":"2020-02-24T14:01:31","date_gmt":"2020-02-24T14:01:31","guid":{"rendered":"https:\/\/demosites.io\/lawyers-gb\/?page_id=142"},"modified":"2022-08-22T07:34:30","modified_gmt":"2022-08-22T07:34:30","slug":"a02e5-homepage","status":"publish","type":"page","link":"https:\/\/www.msv-makler.com\/","title":{"rendered":"Startseite MSV"},"content":{"rendered":"\n<div class=\"wp-container-6 wp-block-columns\">\n<div class=\"wp-container-5 wp-block-column\" style=\"flex-basis:100%\">\n<div class=\"wp-block-cover is-light\" style=\"min-height:672px\"><span aria-hidden=\"true\" class=\"wp-block-cover__background has-neve-link-color-background-color has-background-dim\"><\/span><video class=\"wp-block-cover__video-background intrinsic-ignore\" autoplay muted loop playsinline src=\"https:\/\/www.msv-makler.com\/wp-content\/uploads\/2020\/01\/DJI_0058_Trim-1.mp4\" style=\"object-position:40% 63%\" data-object-fit=\"cover\" data-object-position=\"40% 63%\"><\/video><div class=\"wp-block-cover__inner-container\">\n<div class=\"wp-container-4 wp-block-columns\">\n<div class=\"wp-container-2 wp-block-column\">\n<div class=\"wp-container-1 is-vertical wp-block-group\">\n<h2 class=\"has-text-align-left has-nv-site-bg-color has-text-color\">Unabh\u00e4ngigkeit verpflichtet<\/h2>\n\n\n\n<p><\/p>\n\n\n\n<p class=\"has-nv-site-bg-color has-text-color\" style=\"font-size:15px\">Langj\u00e4hrige Erfahrungen und Kenntnisse der Finanzdienstleistungsbranche gibt Ihnen die Gewissheit,&nbsp;erstklassige Produkte seri\u00f6ser Anbieter zu w\u00e4hlen <\/p>\n\n\n\n<p class=\"has-nv-site-bg-color has-text-color\" style=\"font-size:15px\">\u2013 Qualit\u00e4t vor Quantit\u00e4t.<\/p>\n<\/div>\n<\/div>\n\n\n\n<div class=\"wp-container-3 wp-block-column\"><\/div>\n<\/div>\n<\/div><\/div>\n<\/div>\n<\/div>\n\n\n\n<div id=\"wp-block-themeisle-blocks-advanced-columns-9b29ca44\" class=\"wp-block-themeisle-blocks-advanced-columns alignfull has-1-columns has-desktop-equal-layout has-tablet-equal-layout has-mobile-equal-layout has-vertical-unset\"><div class=\"wp-block-themeisle-blocks-advanced-columns-overlay\"><\/div><div class=\"innerblocks-wrap\">\n<div id=\"wp-block-themeisle-blocks-advanced-column-86c8f629\" class=\"wp-block-themeisle-blocks-advanced-column\">\n<h1 id=\"wp-block-themeisle-blocks-advanced-heading-c688fcb5\" class=\"wp-block-themeisle-blocks-advanced-heading wp-block-themeisle-blocks-advanced-heading-c688fcb5\">Unser Service<\/h1>\n\n\n\n<h2 class=\"has-text-align-center has-neve-link-color-color has-text-color\">Sicherheit in <o-anim-count>6<\/o-anim-count> Schritten<\/h2>\n<\/div>\n<\/div><\/div>\n\n\n\n<div id=\"wp-block-themeisle-blocks-advanced-columns-90845b53\" class=\"wp-block-themeisle-blocks-advanced-columns alignfull has-3-columns has-desktop-equal-layout has-tablet-equal-layout has-mobile-collapsedRows-layout has-vertical-unset\"><div class=\"wp-block-themeisle-blocks-advanced-columns-overlay\"><\/div><div class=\"innerblocks-wrap\">\n<div id=\"wp-block-themeisle-blocks-advanced-column-f4d0871c\" class=\"wp-block-themeisle-blocks-advanced-column\">\n<div class=\"wp-block-themeisle-blocks-service\">\n<div id=\"wp-block-themeisle-blocks-font-awesome-icons-6c3ffa57\" class=\"wp-block-themeisle-blocks-font-awesome-icons\"><span class=\"wp-block-themeisle-blocks-font-awesome-icons-container\"><i class=\"fas fa-handshake\"><\/i><\/span><\/div>\n\n\n\n<h4 id=\"wp-block-themeisle-blocks-advanced-heading-0581cdc3\" class=\"wp-block-themeisle-blocks-advanced-heading wp-block-themeisle-blocks-advanced-heading-0581cdc3\">Der richtige Partner<\/h4>\n\n\n\n<p id=\"wp-block-themeisle-blocks-advanced-heading-6965a25d\" class=\"wp-block-themeisle-blocks-advanced-heading wp-block-themeisle-blocks-advanced-heading-6965a25d\">Nicht nur Makler, sondern auch Ihr Manager. Wir erarbeiten den&nbsp;passenden Schutz f\u00fcr Sie.<\/p>\n<\/div>\n<\/div>\n\n\n\n<div id=\"wp-block-themeisle-blocks-advanced-column-78524861\" class=\"wp-block-themeisle-blocks-advanced-column\">\n<div class=\"wp-block-themeisle-blocks-service\">\n<div id=\"wp-block-themeisle-blocks-font-awesome-icons-fcd21217\" class=\"wp-block-themeisle-blocks-font-awesome-icons animated bounce\"><span class=\"wp-block-themeisle-blocks-font-awesome-icons-container\"><i class=\"fas fa-people-arrows\"><\/i><\/span><\/div>\n\n\n\n<h4 id=\"wp-block-themeisle-blocks-advanced-heading-92773087\" class=\"wp-block-themeisle-blocks-advanced-heading wp-block-themeisle-blocks-advanced-heading-92773087\"> Individuelle Beratung<\/h4>\n\n\n\n<p id=\"wp-block-themeisle-blocks-advanced-heading-3c1720c1\" class=\"wp-block-themeisle-blocks-advanced-heading wp-block-themeisle-blocks-advanced-heading-3c1720c1\">Unsere Unabh\u00e4ngigkeit ist Ihr gr\u00f6\u00dfter Vorteil! Wir richten uns nur nach Ihrem Bedarf.<\/p>\n<\/div>\n<\/div>\n\n\n\n<div id=\"wp-block-themeisle-blocks-advanced-column-bf96f229\" class=\"wp-block-themeisle-blocks-advanced-column\">\n<div class=\"wp-block-themeisle-blocks-service\">\n<div id=\"wp-block-themeisle-blocks-font-awesome-icons-49d8a89c\" class=\"wp-block-themeisle-blocks-font-awesome-icons\"><span class=\"wp-block-themeisle-blocks-font-awesome-icons-container\"><i class=\"fas fa-chart-bar\"><\/i><\/span><\/div>\n\n\n\n<h4 id=\"wp-block-themeisle-blocks-advanced-heading-0ce47501\" class=\"wp-block-themeisle-blocks-advanced-heading wp-block-themeisle-blocks-advanced-heading-0ce47501\"> Risikoanalyse<\/h4>\n\n\n\n<p id=\"wp-block-themeisle-blocks-advanced-heading-2f996a58\" class=\"wp-block-themeisle-blocks-advanced-heading wp-block-themeisle-blocks-advanced-heading-2f996a58\"> Am Anfang einer Risikoanalyse steht die vollst\u00e4ndige Erfassung der Risikosituation.<\/p>\n<\/div>\n<\/div>\n<\/div><\/div>\n\n\n\n<div id=\"wp-block-themeisle-blocks-advanced-columns-770d07d8\" class=\"wp-block-themeisle-blocks-advanced-columns alignfull has-3-columns has-desktop-equal-layout has-tablet-equal-layout has-mobile-collapsedRows-layout has-vertical-unset\"><div class=\"wp-block-themeisle-blocks-advanced-columns-overlay\"><\/div><div class=\"innerblocks-wrap\">\n<div id=\"wp-block-themeisle-blocks-advanced-column-2548e6be\" class=\"wp-block-themeisle-blocks-advanced-column\">\n<div class=\"wp-block-themeisle-blocks-service\">\n<div id=\"wp-block-themeisle-blocks-font-awesome-icons-8320ed25\" class=\"wp-block-themeisle-blocks-font-awesome-icons animated bounce\"><span class=\"wp-block-themeisle-blocks-font-awesome-icons-container\"><i class=\"far fa-building\"><\/i><\/span><\/div>\n\n\n\n<h4 id=\"wp-block-themeisle-blocks-advanced-heading-ac66c660\" class=\"wp-block-themeisle-blocks-advanced-heading wp-block-themeisle-blocks-advanced-heading-ac66c660\"> Leistungsspektrum<\/h4>\n\n\n\n<p id=\"wp-block-themeisle-blocks-advanced-heading-a5f1020f\" class=\"wp-block-themeisle-blocks-advanced-heading wp-block-themeisle-blocks-advanced-heading-a5f1020f\">Egal ob Sie eine Absicherung f\u00fcr Ihr Alter, Ihre Gesundheit oder eine Sachversicherung brauchen.<\/p>\n<\/div>\n<\/div>\n\n\n\n<div id=\"wp-block-themeisle-blocks-advanced-column-b3062cc8\" class=\"wp-block-themeisle-blocks-advanced-column\">\n<div class=\"wp-block-themeisle-blocks-service\">\n<div id=\"wp-block-themeisle-blocks-font-awesome-icons-37f1c5af\" class=\"wp-block-themeisle-blocks-font-awesome-icons\"><span class=\"wp-block-themeisle-blocks-font-awesome-icons-container\"><i class=\"fas fa-hand-holding-usd\"><\/i><\/span><\/div>\n\n\n\n<h4 id=\"wp-block-themeisle-blocks-advanced-heading-7df1e6e1\" class=\"wp-block-themeisle-blocks-advanced-heading wp-block-themeisle-blocks-advanced-heading-7df1e6e1\">  Optimale Abwicklung <\/h4>\n\n\n\n<p id=\"wp-block-themeisle-blocks-advanced-heading-2f884f68\" class=\"wp-block-themeisle-blocks-advanced-heading wp-block-themeisle-blocks-advanced-heading-2f884f68\">Vertrauen ist gut \u2013 Kontrolle ist besser. Dar\u00fcber hinaus unterst\u00fctzen wir Sie bei&nbsp;Schadensf\u00e4llen jeder Art.<\/p>\n<\/div>\n<\/div>\n\n\n\n<div id=\"wp-block-themeisle-blocks-advanced-column-0f4c038c\" class=\"wp-block-themeisle-blocks-advanced-column\">\n<div class=\"wp-block-themeisle-blocks-service\">\n<div id=\"wp-block-themeisle-blocks-font-awesome-icons-8982024e\" class=\"wp-block-themeisle-blocks-font-awesome-icons animated bounce\"><span class=\"wp-block-themeisle-blocks-font-awesome-icons-container\"><i class=\"far fa-clock\"><\/i><\/span><\/div>\n\n\n\n<h4 id=\"wp-block-themeisle-blocks-advanced-heading-f85589f7\" class=\"wp-block-themeisle-blocks-advanced-heading wp-block-themeisle-blocks-advanced-heading-f85589f7\"> Am Puls der Zeit<\/h4>\n\n\n\n<p id=\"wp-block-themeisle-blocks-advanced-heading-be194dd9\" class=\"wp-block-themeisle-blocks-advanced-heading wp-block-themeisle-blocks-advanced-heading-be194dd9\">Kontinuierliche Anpassung: Das optimale Ergebnis f\u00fcr Sie am&nbsp;st\u00e4ndig wandelnden Versicherungsmarkt.<\/p>\n<\/div>\n<\/div>\n<\/div><\/div>\n\n\n\n<div class=\"wp-block-cover alignfull has-parallax\" style=\"background-image:url(https:\/\/www.msv-makler.com\/wp-content\/uploads\/2022\/08\/Passau_signed-2.png);min-height:470px\"><span aria-hidden=\"true\" class=\"wp-block-cover__background has-neve-link-color-background-color has-background-dim-80 has-background-dim\"><\/span><div class=\"wp-block-cover__inner-container\">\n<div class=\"wp-block-cover alignwide has-custom-content-position is-position-center-left\" style=\"min-height:338px\"><span aria-hidden=\"true\" class=\"wp-block-cover__background has-neve-link-color-background-color has-background-dim-0 has-background-dim\"><\/span><div class=\"wp-block-cover__inner-container\">\n<h2 class=\"has-text-align-center has-nv-site-bg-color has-text-color has-large-font-size\"><strong>\u00dcber uns<\/strong><\/h2>\n\n\n\n<p class=\"has-text-align-center ticss-af11e0aa has-nv-site-bg-color has-text-color has-small-font-size\">Wir sind ein in <strong>Passau<\/strong> ans\u00e4ssiger Versicherungsmakler mit jahrzehntelanger <strong>Erfahrung<\/strong> und profunder <strong>Kenntnis<\/strong> des nationalen und internationalen Versicherungsmarktes. Verbraucherverb\u00e4nde und Fachzeitschriften empfehlen, sich der <strong>Kompetenz<\/strong> und der <strong>Unabh\u00e4ngigkeit<\/strong> eines&nbsp;Versicherungsmaklers zu bedienen.<\/p>\n\n\n\n<p class=\"has-text-align-center has-nv-site-bg-color has-text-color\" style=\"font-size:14px\">Wir sind an <strong>keine<\/strong> Versicherungsgesellschaft gebunden oder daran beteiligt.&nbsp;Wir vertreten <strong>weisungsunabh\u00e4ngig<\/strong> allein Ihre Versicherungsinteressen als treuh\u00e4nderischer Sachwalter. Mit der zunehmenden Globalisierung der M\u00e4rkte werden auch die Angebote der Versicherungswirtschaft <strong>vielf\u00e4ltiger<\/strong>, neue <strong>Perspektiven <\/strong>ergeben sich.&nbsp;Wir nehmen diese Entwicklungen auf und verarbeiten die Ergebnisse in <strong>zielgerichtete<\/strong> Deckungskonzepte.&nbsp;<\/p>\n\n\n\n<p class=\"has-text-align-center has-nv-site-bg-color has-text-color\"><strong>Unsere Unabh\u00e4ngigkeit ist Ihr Vorteil.<\/strong><\/p>\n<\/div><\/div>\n<\/div><\/div>\n\n\n\n<div style=\"height:32px\" aria-hidden=\"true\" class=\"wp-block-spacer\"><\/div>\n\n\n\n<div id=\"wp-block-themeisle-blocks-advanced-columns-b82a09aa\" class=\"wp-block-themeisle-blocks-advanced-columns alignfull has-1-columns has-desktop-equal-layout has-tablet-equal-layout has-mobile-equal-layout has-vertical-unset\"><div class=\"wp-block-themeisle-blocks-advanced-columns-overlay\"><\/div><div class=\"innerblocks-wrap\">\n<div id=\"wp-block-themeisle-blocks-advanced-column-72a124d8\" class=\"wp-block-themeisle-blocks-advanced-column\">\n<p id=\"wp-block-themeisle-blocks-advanced-heading-6ce6a191\" class=\"wp-block-themeisle-blocks-advanced-heading wp-block-themeisle-blocks-advanced-heading-6ce6a191\"> <strong>SECTION OVERLINE<\/strong> <\/p>\n\n\n\n<h2 class=\"has-text-align-center has-nv-site-bg-color has-text-color\"> Versicherungsleistungen <\/h2>\n<\/div>\n<\/div><\/div>\n\n\n\n<div class=\"wp-container-9 wp-block-columns\">\n<div class=\"wp-container-7 wp-block-column\" style=\"flex-basis:66.66%\">\n<div id=\"wp-block-themeisle-blocks-accordion-5c69b31f\" class=\"wp-block-themeisle-blocks-accordion\">\n<details open class=\"wp-block-themeisle-blocks-accordion-item\"><summary class=\"wp-block-themeisle-blocks-accordion-item__title\"><div><strong>Unfallversicherung<\/strong><\/div><\/summary><div class=\"wp-block-themeisle-blocks-accordion-item__content\">\n<p style=\"font-size:14px\">Es ist weitgehend unbekannt, dass man f\u00fcr einen&nbsp;Freizeitunfall selbst Vorsorge treffen muss. Durch die gesetzliche Unfallversicherung genie\u00dfen Sie keinen Versicherungsschutz. Mit einer privaten Unfallversicherung federn Sie die gesundheitlichen Folgen und die wirtschaftlichen Konsequenzen ab.<\/p>\n<\/div><\/details>\n\n\n\n<details class=\"wp-block-themeisle-blocks-accordion-item ticss-2e76f5e8\"><summary class=\"wp-block-themeisle-blocks-accordion-item__title\"><div><strong>KFZ-Versicherung<\/strong><\/div><\/summary><div class=\"wp-block-themeisle-blocks-accordion-item__content\">\n<p style=\"font-size:14px\">Sch\u00fctzen Sie sich und Ihre Familien vor Schadensersatzanspr\u00fcchen Dritter.<\/p>\n<\/div><\/details>\n\n\n\n<details class=\"wp-block-themeisle-blocks-accordion-item\"><summary class=\"wp-block-themeisle-blocks-accordion-item__title\"><div><strong>Hausratversicherung<\/strong><\/div><\/summary><div class=\"wp-block-themeisle-blocks-accordion-item__content\">\n<p style=\"font-size:14px\">Ob Einbruchdiebstahl, Vandalismus nach einem Einbruch, Raub, Feuer, Blitzschlag, \u00dcberspannung, Sturm, Hagel und Leitungswassersch\u00e4den. Rund 211.000 mal pro Jahr wird eingebrochen. <\/p>\n\n\n\n<p style=\"font-size:14px\">Wir wissen, wie Sie die Sch\u00e4den ersetzt bekommen.<\/p>\n<\/div><\/details>\n\n\n\n<details class=\"wp-block-themeisle-blocks-accordion-item\"><summary class=\"wp-block-themeisle-blocks-accordion-item__title\"><div><strong>Wohngeb\u00e4udeversicherung<\/strong><\/div><\/summary><div class=\"wp-block-themeisle-blocks-accordion-item__content\">\n<p style=\"font-size:14px\">Mit einer Wohngeb\u00e4udeversicherung ist Ihr Haus bestens abgesichert. Sch\u00fctzen Sie es insbesondere auch vor den immer st\u00e4rker werdenden Elementargefahren.<\/p>\n<\/div><\/details>\n\n\n\n<details class=\"wp-block-themeisle-blocks-accordion-item\"><summary class=\"wp-block-themeisle-blocks-accordion-item__title\"><div><strong>Tierhalterhaftpflicht<\/strong><\/div><\/summary><div class=\"wp-block-themeisle-blocks-accordion-item__content\">\n<p style=\"font-size:14px\">Als Halter von Hunden oder Pferden haften Sie per Gesetz unbegrenzt und unabh\u00e4ngig vom Verschulden f\u00fcr Sch\u00e4den an Dritte.<\/p>\n<\/div><\/details>\n<\/div>\n<\/div>\n\n\n\n<div class=\"wp-container-8 wp-block-column\" style=\"flex-basis:33.33%\">\n<div id=\"wp-block-themeisle-blocks-accordion-021c341c\" class=\"wp-block-themeisle-blocks-accordion\">\n<details open class=\"wp-block-themeisle-blocks-accordion-item\"><summary class=\"wp-block-themeisle-blocks-accordion-item__title\"><div><strong>Gewerbeversicherungen<\/strong><\/div><\/summary><div class=\"wp-block-themeisle-blocks-accordion-item__content\">\n<p style=\"font-size:14px\">Als Unternehmer tragen Sie eine gro\u00dfe Verantwortung f\u00fcr Ihr Unternehmen und Ihre Mitarbeiter, ist es doch die Grundlage Ihrer und deren Existenz.<\/p>\n\n\n\n<h4><strong>Speziall\u00f6sungen<\/strong><\/h4>\n\n\n\n<p style=\"font-size:14px\">W\u00fcnschen Sie ein au\u00dfergew\u00f6hnliches und ganz spezielles Risiko einzudecken, bedienen wir uns ausgewiesener Experten, die Sie umf\u00e4nglich beraten.<\/p>\n\n\n\n<h4><strong>Wenden Sie sich an uns<\/strong><\/h4>\n\n\n\n<p style=\"font-size:14px\">Wir helfen Ihnen, die vielf\u00e4ltigen Risiken und drohenden Gefahren mit dem passenden Versicherungsschutz zielgerichtet zu eliminieren, um einen st\u00f6rungsfreien Ablauf Ihrer unternehmerischen T\u00e4tigkeit zu gew\u00e4hrleisten.<\/p>\n<\/div><\/details>\n<\/div>\n<\/div>\n<\/div>\n\n\n\n<div class=\"wp-container-10 wp-block-group\"><div class=\"wp-block-group__inner-container\">\n<div id=\"wp-block-themeisle-blocks-accordion-2cfc2c39\" class=\"wp-block-themeisle-blocks-accordion\"><\/div>\n<\/div><\/div>\n\n\n\n<div id=\"wp-block-themeisle-blocks-advanced-columns-47225228\" class=\"wp-block-themeisle-blocks-advanced-columns alignfull has-1-columns has-desktop-equal-layout has-tablet-equal-layout has-mobile-equal-layout has-vertical-unset\"><div class=\"wp-block-themeisle-blocks-advanced-columns-overlay\"><\/div><div class=\"innerblocks-wrap\">\n<div id=\"wp-block-themeisle-blocks-advanced-column-b6745044\" class=\"wp-block-themeisle-blocks-advanced-column\">\n<p id=\"wp-block-themeisle-blocks-advanced-heading-407fe3d8\" class=\"wp-block-themeisle-blocks-advanced-heading wp-block-themeisle-blocks-advanced-heading-407fe3d8\">Sie brauchen weitere Informationen?<\/p>\n\n\n\n<h2 class=\"has-text-align-center has-medium-font-size\">Schreiben Sie uns einfach.<\/h2>\n\n\n\n<div id=\"wp-block-themeisle-blocks-form-994c65e6\" class=\"wp-block-themeisle-blocks-form\" data-option-name=\"142_994c65e6\"><form class=\"otter-form__container\">\n<div id=\"wp-block-themeisle-blocks-form-input-22002f66\" class=\"wp-block-themeisle-blocks-form-input\"><label for=\"wp-block-themeisle-blocks-form-input-22002f66-input\" class=\"otter-form-input-label\"><span class=\"otter-form-input-label__label\">Name<\/span><span class=\"required\">*<\/span><\/label><input type=\"text\" id=\"wp-block-themeisle-blocks-form-input-22002f66-input\" required class=\"otter-form-input\"\/><\/div>\n\n\n\n<div id=\"wp-block-themeisle-blocks-form-input-0a0b5927\" class=\"wp-block-themeisle-blocks-form-input\"><label for=\"wp-block-themeisle-blocks-form-input-0a0b5927-input\" class=\"otter-form-input-label\"><span class=\"otter-form-input-label__label\">Email<\/span><span class=\"required\">*<\/span><\/label><input type=\"email\" id=\"wp-block-themeisle-blocks-form-input-0a0b5927-input\" required class=\"otter-form-input\"\/><\/div>\n\n\n\n<div id=\"wp-block-themeisle-blocks-form-textarea-78fdd7b8\" class=\"wp-block-themeisle-blocks-form-textarea\"><label for=\"wp-block-themeisle-blocks-form-textarea-78fdd7b8-input\" class=\"otter-form-textarea-label\"><span class=\"otter-form-textarea-label__label\">Nachricht<\/span><span class=\"required\">*<\/span><\/label><textarea id=\"wp-block-themeisle-blocks-form-textarea-78fdd7b8-input\" required rows=\"10\" class=\"otter-form-textarea-input\"><\/textarea><\/div>\n\n\n<div class=\"protection\"><input type=\"hidden\" id=\"wp-block-themeisle-blocks-form-994c65e6_nonce_field\" name=\"wp-block-themeisle-blocks-form-994c65e6_nonce_field\" value=\"7e6818463f\" \/><input type=\"hidden\" name=\"_wp_http_referer\" value=\"\/index.php\/wp-json\/wp\/v2\/pages\/142\" \/><\/div><div class=\"wp-block-button\"><button class=\"wp-block-button__link\" type=\"submit\">Senden<\/button><\/div><\/form><\/div>\n\n\n\n<div style=\"height:20px\" aria-hidden=\"true\" class=\"wp-block-spacer\"><\/div>\n<\/div>\n<\/div><\/div>\n\n\n\n<figure class=\"wp-block-pullquote has-border-color has-neve-link-color-border-color has-neve-link-color-color has-nv-site-bg-background-color has-text-color has-background has-small-font-size\" style=\"border-radius:0px\"><blockquote><p><strong>Informationen zur Transparenz Verordnung<\/strong><\/p><cite>Bei unseren Beratungen zu Investitionen beziehen wir die Chancen und Risiken, soweit uns die erforderlichen Informationen vorliegen, mit ein. Dazu geh\u00f6ren auch Nachhaltigkeitsrisiken. Dies sind Risiken aus den Bereichen Umwelt, Soziales und Unternehmensf\u00fchrung ( sog. ESG- Risiken), deren Eintreten negativen Einfluss auf den Wert der Anlagen haben k\u00f6nnen.&nbsp;Im Rahmen der Auswahl von Versicherungsgesellschaften und -produkten ber\u00fccksichtigen wir daher die von den Versicherern zur Verf\u00fcgung gestellten Informationen zu deren Umgang mit Nachhaltigkeitsrisiken. Eine Zuordnung von Finanzprodukten erfolgt grunds\u00e4tzlich auf Grundlage dieser Produktinformationen.&nbsp;Die Ber\u00fccksichtigung von Nachhaltigkeitsrisiken hat keinen Einfluss darauf, ob und wie hoch f\u00fcr die Vermittlung eines Finanzprodukts die Verg\u00fctung ausf\u00e4llt. Wir gehen davon aus, dass durch den gew\u00e4hlten ESG- Ansatz negative Auswirkungen auf die Rendite des Finanzprodukts durch den Eintritt von Nachhaltigkeitsrisiken reduziert bzw. vermieden werden k\u00f6nnen.&nbsp;<\/cite><\/blockquote><\/figure>\n","protected":false},"excerpt":{"rendered":"<p>Informationen zur Transparenz Verordnung Bei unseren Beratungen zu Investitionen beziehen wir die Chancen und Risiken, soweit uns die erforderlichen Informationen vorliegen, mit ein. Dazu geh\u00f6ren auch Nachhaltigkeitsrisiken. Dies sind Risiken aus den Bereichen Umwelt, Soziales und Unternehmensf\u00fchrung ( sog. ESG- Risiken), deren Eintreten negativen Einfluss auf den Wert der Anlagen haben k\u00f6nnen.&nbsp;Im Rahmen der Auswahl&hellip;&nbsp;<a href=\"https:\/\/www.msv-makler.com\/\" class=\"\" rel=\"bookmark\">Weiterlesen &raquo;<span class=\"screen-reader-text\">Startseite MSV<\/span><\/a><\/p>\n","protected":false},"author":1,"featured_media":0,"parent":0,"menu_order":0,"comment_status":"closed","ping_status":"closed","template":"page-templates\/template-pagebuilder-full-width.php","meta":{"neve_meta_sidebar":"full-width","neve_meta_container":"contained","neve_meta_enable_content_width":"on","neve_meta_content_width":100,"neve_meta_title_alignment":"center","neve_meta_author_avatar":"","neve_post_elements_order":"","neve_meta_disable_header":"","neve_meta_disable_footer":"","neve_meta_disable_title":"on","_themeisle_gutenberg_block_has_review":false,"_ti_tpc_template_sync":false,"_ti_tpc_template_id":"aar0h9z8vlrqwo62mu6h"},"_links":{"self":[{"href":"https:\/\/www.msv-makler.com\/index.php\/wp-json\/wp\/v2\/pages\/142"}],"collection":[{"href":"https:\/\/www.msv-makler.com\/index.php\/wp-json\/wp\/v2\/pages"}],"about":[{"href":"https:\/\/www.msv-makler.com\/index.php\/wp-json\/wp\/v2\/types\/page"}],"author":[{"embeddable":true,"href":"https:\/\/www.msv-makler.com\/index.php\/wp-json\/wp\/v2\/users\/1"}],"replies":[{"embeddable":true,"href":"https:\/\/www.msv-makler.com\/index.php\/wp-json\/wp\/v2\/comments?post=142"}],"version-history":[{"count":58,"href":"https:\/\/www.msv-makler.com\/index.php\/wp-json\/wp\/v2\/pages\/142\/revisions"}],"predecessor-version":[{"id":622,"href":"https:\/\/www.msv-makler.com\/index.php\/wp-json\/wp\/v2\/pages\/142\/revisions\/622"}],"wp:attachment":[{"href":"https:\/\/www.msv-makler.com\/index.php\/wp-json\/wp\/v2\/media?parent=142"}],"curies":[{"name":"wp","href":"https:\/\/api.w.org\/{rel}","templated":true}]}}